{"id":42,"date":"2025-11-27T00:40:35","date_gmt":"2025-11-27T00:40:35","guid":{"rendered":"https:\/\/site38.arn1103.uqat.ca\/?page_id=42"},"modified":"2025-12-04T02:22:45","modified_gmt":"2025-12-04T02:22:45","slug":"a-propos","status":"publish","type":"page","link":"https:\/\/site38.arn1103.uqat.ca\/index.php\/a-propos\/","title":{"rendered":"\u00c0 propos"},"content":{"rendered":"\t\t<div data-elementor-type=\"wp-page\" data-elementor-id=\"42\" class=\"elementor elementor-42\">\n\t\t\t\t<div class=\"elementor-element elementor-element-d0a7791 e-flex e-con-boxed e-con e-parent\" data-id=\"d0a7791\" data-element_type=\"container\" data-e-type=\"container\">\n\t\t\t\t\t<div class=\"e-con-inner\">\n\t\t\t\t<div class=\"elementor-element elementor-element-b8ae440 elementor-widget elementor-widget-spacer\" data-id=\"b8ae440\" data-element_type=\"widget\" data-e-type=\"widget\" data-widget_type=\"spacer.default\">\n\t\t\t\t\t\t\t<div class=\"elementor-spacer\">\n\t\t\t<div class=\"elementor-spacer-inner\"><\/div>\n\t\t<\/div>\n\t\t\t\t\t\t<\/div>\n\t\t\t\t\t<\/div>\n\t\t\t\t<\/div>\n\t\t<div class=\"elementor-element elementor-element-c0874b8 e-con-full e-flex e-con e-parent\" data-id=\"c0874b8\" data-element_type=\"container\" data-e-type=\"container\">\n\t\t<div class=\"elementor-element elementor-element-9b75778 e-con-full e-flex e-con e-child\" data-id=\"9b75778\" data-element_type=\"container\" data-e-type=\"container\">\n\t\t\t\t<div class=\"elementor-element elementor-element-4bba4e6 elementor-widget elementor-widget-image\" data-id=\"4bba4e6\" data-element_type=\"widget\" data-e-type=\"widget\" data-widget_type=\"image.default\">\n\t\t\t\t\t\t\t\t\t\t\t\t\t\t\t<img fetchpriority=\"high\" decoding=\"async\" width=\"898\" height=\"1024\" src=\"https:\/\/site38.arn1103.uqat.ca\/wp-content\/uploads\/2025\/12\/Vishnu_Chien_montagnedespyrenees-898x1024.jpg\" class=\"attachment-large size-large wp-image-59\" alt=\"\" srcset=\"https:\/\/site38.arn1103.uqat.ca\/wp-content\/uploads\/2025\/12\/Vishnu_Chien_montagnedespyrenees-898x1024.jpg 898w, https:\/\/site38.arn1103.uqat.ca\/wp-content\/uploads\/2025\/12\/Vishnu_Chien_montagnedespyrenees-263x300.jpg 263w, https:\/\/site38.arn1103.uqat.ca\/wp-content\/uploads\/2025\/12\/Vishnu_Chien_montagnedespyrenees-768x876.jpg 768w, https:\/\/site38.arn1103.uqat.ca\/wp-content\/uploads\/2025\/12\/Vishnu_Chien_montagnedespyrenees-1346x1536.jpg 1346w, https:\/\/site38.arn1103.uqat.ca\/wp-content\/uploads\/2025\/12\/Vishnu_Chien_montagnedespyrenees-1795x2048.jpg 1795w, https:\/\/site38.arn1103.uqat.ca\/wp-content\/uploads\/2025\/12\/Vishnu_Chien_montagnedespyrenees.jpg 1980w\" sizes=\"(max-width: 898px) 100vw, 898px\" \/>\t\t\t\t\t\t\t\t\t\t\t\t\t\t\t<\/div>\n\t\t\t\t<\/div>\n\t\t<div class=\"elementor-element elementor-element-bc3bb9c e-con-full e-flex e-con e-child\" data-id=\"bc3bb9c\" data-element_type=\"container\" data-e-type=\"container\">\n\t\t<div class=\"elementor-element elementor-element-79032cb e-con-full e-flex e-con e-child\" data-id=\"79032cb\" data-element_type=\"container\" data-e-type=\"container\">\n\t\t\t\t<div class=\"elementor-element elementor-element-6b776a9 elementor-widget elementor-widget-heading\" data-id=\"6b776a9\" data-element_type=\"widget\" data-e-type=\"widget\" data-widget_type=\"heading.default\">\n\t\t\t\t\t<h2 class=\"elementor-heading-title elementor-size-default\">Vishnu - Montagne des Pyr\u00e9n\u00e9es<\/h2>\t\t\t\t<\/div>\n\t\t\t\t<\/div>\n\t\t<div class=\"elementor-element elementor-element-61f4374 e-con-full e-flex e-con e-child\" data-id=\"61f4374\" data-element_type=\"container\" data-e-type=\"container\">\n\t\t\t\t<div class=\"elementor-element elementor-element-817a508 elementor-widget elementor-widget-text-editor\" data-id=\"817a508\" data-element_type=\"widget\" data-e-type=\"widget\" data-widget_type=\"text-editor.default\">\n\t\t\t\t\t\t\t\t\t<p>Vishnu est le chien de la Ferme Dharma, le premier employ\u00e9 de la ferme. Il y travaille 24 heures sur 24, 7 jours sur 7. Ses fonctions sont les suivantes :<\/p><p>\u00b7 Aboyer pour faire part de son territoire aux pr\u00e9dateurs<\/p><p>\u00b7 Poursuivre les envahisseurs (ainsi que les voitures des voisins)<\/p><p>\u00b7 D\u00e9truire tous les objets qui sont laiss\u00e9s sans surveillance sur la ferme<\/p>\t\t\t\t\t\t\t\t<\/div>\n\t\t\t\t<\/div>\n\t\t\t\t<\/div>\n\t\t\t\t<\/div>\n\t\t<div class=\"elementor-element elementor-element-456177c e-flex e-con-boxed e-con e-parent\" data-id=\"456177c\" data-element_type=\"container\" data-e-type=\"container\">\n\t\t\t\t\t<div class=\"e-con-inner\">\n\t\t\t\t\t<\/div>\n\t\t\t\t<\/div>\n\t\t<div class=\"elementor-element elementor-element-db9bf7c e-flex e-con-boxed e-con e-parent\" data-id=\"db9bf7c\" data-element_type=\"container\" data-e-type=\"container\">\n\t\t\t\t\t<div class=\"e-con-inner\">\n\t\t<div class=\"elementor-element elementor-element-ae93439 e-con-full e-flex e-con e-child\" data-id=\"ae93439\" data-element_type=\"container\" data-e-type=\"container\">\n\t\t\t\t<div class=\"elementor-element elementor-element-475e389 elementor-widget__width-inherit elementor-widget elementor-widget-image\" data-id=\"475e389\" data-element_type=\"widget\" data-e-type=\"widget\" data-widget_type=\"image.default\">\n\t\t\t\t\t\t\t\t\t\t\t\t\t\t\t<img decoding=\"async\" width=\"983\" height=\"1024\" src=\"https:\/\/site38.arn1103.uqat.ca\/wp-content\/uploads\/2025\/12\/Chien_montagne_pyrenees_vishnu-983x1024.jpg\" class=\"attachment-large size-large wp-image-57\" alt=\"\" srcset=\"https:\/\/site38.arn1103.uqat.ca\/wp-content\/uploads\/2025\/12\/Chien_montagne_pyrenees_vishnu-983x1024.jpg 983w, https:\/\/site38.arn1103.uqat.ca\/wp-content\/uploads\/2025\/12\/Chien_montagne_pyrenees_vishnu-288x300.jpg 288w, https:\/\/site38.arn1103.uqat.ca\/wp-content\/uploads\/2025\/12\/Chien_montagne_pyrenees_vishnu-768x800.jpg 768w, https:\/\/site38.arn1103.uqat.ca\/wp-content\/uploads\/2025\/12\/Chien_montagne_pyrenees_vishnu-1474x1536.jpg 1474w, https:\/\/site38.arn1103.uqat.ca\/wp-content\/uploads\/2025\/12\/Chien_montagne_pyrenees_vishnu-1966x2048.jpg 1966w, https:\/\/site38.arn1103.uqat.ca\/wp-content\/uploads\/2025\/12\/Chien_montagne_pyrenees_vishnu.jpg 1980w\" sizes=\"(max-width: 983px) 100vw, 983px\" \/>\t\t\t\t\t\t\t\t\t\t\t\t\t\t\t<\/div>\n\t\t\t\t<\/div>\n\t\t<div class=\"elementor-element elementor-element-084be4f e-con-full e-flex e-con e-child\" data-id=\"084be4f\" data-element_type=\"container\" data-e-type=\"container\">\n\t\t<div class=\"elementor-element elementor-element-5dc729f e-con-full e-flex e-con e-child\" data-id=\"5dc729f\" data-element_type=\"container\" data-e-type=\"container\">\n\t\t\t\t<div class=\"elementor-element elementor-element-cd64485 elementor-widget__width-inherit elementor-widget elementor-widget-heading\" data-id=\"cd64485\" data-element_type=\"widget\" data-e-type=\"widget\" data-widget_type=\"heading.default\">\n\t\t\t\t\t<h2 class=\"elementor-heading-title elementor-size-default\">Le Montagne des Pyr\u00e9n\u00e9es - Une race de chien pour la ferme<\/h2>\t\t\t\t<\/div>\n\t\t\t\t<\/div>\n\t\t<div class=\"elementor-element elementor-element-6a4d827 e-con-full e-flex e-con e-child\" data-id=\"6a4d827\" data-element_type=\"container\" data-e-type=\"container\">\n\t\t\t\t<div class=\"elementor-element elementor-element-2ef15ab elementor-widget__width-inherit elementor-widget elementor-widget-text-editor\" data-id=\"2ef15ab\" data-element_type=\"widget\" data-e-type=\"widget\" data-widget_type=\"text-editor.default\">\n\t\t\t\t\t\t\t\t\t<p>Le montagne des Pyr\u00e9n\u00e9es est une race de chien calme, majestueuse et protectrice. Il surveille son territoire avec vigilance, sans jamais se montrer agressif sans raison. Tr\u00e8s loyal envers sa famille, il agit avec assurance et ind\u00e9pendance. Il aime les enfants et se montre doux et patient avec eux. Le montagne pyr\u00e9n\u00e9es est une race de chien qui est parfaite pour les ma\u00eetres qui veulent un compagnon fiable, dissuasif, mais affectueux, surtout dans un environnement spacieux.<\/p>\t\t\t\t\t\t\t\t<\/div>\n\t\t\t\t<\/div>\n\t\t\t\t<\/div>\n\t\t\t\t\t<\/div>\n\t\t\t\t<\/div>\n\t\t<div class=\"elementor-element elementor-element-00b103e e-flex e-con-boxed e-con e-parent\" data-id=\"00b103e\" data-element_type=\"container\" data-e-type=\"container\">\n\t\t\t\t\t<div class=\"e-con-inner\">\n\t\t<div class=\"elementor-element elementor-element-dda7bbe e-con-full e-flex e-con e-child\" data-id=\"dda7bbe\" data-element_type=\"container\" data-e-type=\"container\">\n\t\t\t\t<div class=\"elementor-element elementor-element-80fbc90 elementor-widget elementor-widget-image\" data-id=\"80fbc90\" data-element_type=\"widget\" data-e-type=\"widget\" data-widget_type=\"image.default\">\n\t\t\t\t\t\t\t\t\t\t\t\t\t\t\t<img decoding=\"async\" width=\"1024\" height=\"902\" src=\"https:\/\/site38.arn1103.uqat.ca\/wp-content\/uploads\/2025\/12\/Chien_blanc_montagne_pyrenees_vishnu-1024x902.jpg\" class=\"attachment-large size-large wp-image-58\" alt=\"\" srcset=\"https:\/\/site38.arn1103.uqat.ca\/wp-content\/uploads\/2025\/12\/Chien_blanc_montagne_pyrenees_vishnu-1024x902.jpg 1024w, https:\/\/site38.arn1103.uqat.ca\/wp-content\/uploads\/2025\/12\/Chien_blanc_montagne_pyrenees_vishnu-300x264.jpg 300w, https:\/\/site38.arn1103.uqat.ca\/wp-content\/uploads\/2025\/12\/Chien_blanc_montagne_pyrenees_vishnu-768x676.jpg 768w, https:\/\/site38.arn1103.uqat.ca\/wp-content\/uploads\/2025\/12\/Chien_blanc_montagne_pyrenees_vishnu-1536x1353.jpg 1536w, https:\/\/site38.arn1103.uqat.ca\/wp-content\/uploads\/2025\/12\/Chien_blanc_montagne_pyrenees_vishnu.jpg 1980w\" sizes=\"(max-width: 1024px) 100vw, 1024px\" \/>\t\t\t\t\t\t\t\t\t\t\t\t\t\t\t<\/div>\n\t\t\t\t<\/div>\n\t\t<div class=\"elementor-element elementor-element-48f99b2 e-con-full e-flex e-con e-child\" data-id=\"48f99b2\" data-element_type=\"container\" data-e-type=\"container\">\n\t\t\t\t<div class=\"elementor-element elementor-element-8b614e5 elementor-widget elementor-widget-heading\" data-id=\"8b614e5\" data-element_type=\"widget\" data-e-type=\"widget\" data-widget_type=\"heading.default\">\n\t\t\t\t\t<h2 class=\"elementor-heading-title elementor-size-default\">L'origine du nom Vishnu<\/h2>\t\t\t\t<\/div>\n\t\t\t\t<\/div>\n\t\t\t\t\t<\/div>\n\t\t\t\t<\/div>\n\t\t<div class=\"elementor-element elementor-element-95f6d19 e-flex e-con-boxed e-con e-parent\" data-id=\"95f6d19\" data-element_type=\"container\" data-e-type=\"container\">\n\t\t\t\t\t<div class=\"e-con-inner\">\n\t\t\t\t<div class=\"elementor-element elementor-element-eea1a3e elementor-widget elementor-widget-text-editor\" data-id=\"eea1a3e\" data-element_type=\"widget\" data-e-type=\"widget\" data-widget_type=\"text-editor.default\">\n\t\t\t\t\t\t\t\t\t<p>Perch\u00e9 au c\u0153ur de l&rsquo;hindouisme, Vishnu, le gardien de l&rsquo;univers, occupe une place centrale dans la trinit\u00e9 hindoue, aux c\u00f4t\u00e9s de Brahma, le cr\u00e9ateur, et Shiva, le destructeur. Symbole de la pr\u00e9servation et de la protection, Vishnu est celui qui maintient l&rsquo;\u00e9quilibre cosmique et prot\u00e8ge le dharma (ordre universel). On le repr\u00e9sente souvent avec quatre bras, tenant une conque, un disque, une masse et un lotus, symbolisant divers aspects de son pouvoir divin.<\/p><p>\u00a0<\/p><p>Vous aimeriez conna\u00eetre nos animaux, vous pouvez organiser une visite d\u00e8s aujourd\u2019hui!<\/p>\t\t\t\t\t\t\t\t<\/div>\n\t\t\t\t\t<\/div>\n\t\t\t\t<\/div>\n\t\t\t\t<\/div>\n\t\t","protected":false},"excerpt":{"rendered":"<p>Vishnu &#8211; Montagne des Pyr\u00e9n\u00e9es Vishnu est le chien de la Ferme Dharma, le premier employ\u00e9 de la ferme. Il y travaille 24 heures sur 24, 7 jours sur 7. Ses fonctions sont les suivantes : \u00b7 Aboyer pour faire part de son territoire aux pr\u00e9dateurs \u00b7 Poursuivre les envahisseurs (ainsi que les voitures des [&hellip;]<\/p>\n","protected":false},"author":1,"featured_media":0,"parent":0,"menu_order":0,"comment_status":"closed","ping_status":"closed","template":"","meta":{"footnotes":""},"class_list":["post-42","page","type-page","status-publish","hentry"],"_links":{"self":[{"href":"https:\/\/site38.arn1103.uqat.ca\/index.php\/wp-json\/wp\/v2\/pages\/42","targetHints":{"allow":["GET"]}}],"collection":[{"href":"https:\/\/site38.arn1103.uqat.ca\/index.php\/wp-json\/wp\/v2\/pages"}],"about":[{"href":"https:\/\/site38.arn1103.uqat.ca\/index.php\/wp-json\/wp\/v2\/types\/page"}],"author":[{"embeddable":true,"href":"https:\/\/site38.arn1103.uqat.ca\/index.php\/wp-json\/wp\/v2\/users\/1"}],"replies":[{"embeddable":true,"href":"https:\/\/site38.arn1103.uqat.ca\/index.php\/wp-json\/wp\/v2\/comments?post=42"}],"version-history":[{"count":5,"href":"https:\/\/site38.arn1103.uqat.ca\/index.php\/wp-json\/wp\/v2\/pages\/42\/revisions"}],"predecessor-version":[{"id":63,"href":"https:\/\/site38.arn1103.uqat.ca\/index.php\/wp-json\/wp\/v2\/pages\/42\/revisions\/63"}],"wp:attachment":[{"href":"https:\/\/site38.arn1103.uqat.ca\/index.php\/wp-json\/wp\/v2\/media?parent=42"}],"curies":[{"name":"wp","href":"https:\/\/api.w.org\/{rel}","templated":true}]}}